{"id":902,"date":"2024-07-05T13:05:39","date_gmt":"2024-07-05T11:05:39","guid":{"rendered":"https:\/\/welldonelacticos.es\/?page_id=902"},"modified":"2025-10-15T09:11:18","modified_gmt":"2025-10-15T07:11:18","slug":"proximamente","status":"publish","type":"page","link":"https:\/\/welldonelacticos.es\/en\/proximamente\/","title":{"rendered":"Pr\u00f3ximamente"},"content":{"rendered":"<div data-elementor-type=\"wp-page\" data-elementor-id=\"902\" class=\"elementor elementor-902\" data-elementor-post-type=\"page\">\n\t\t\t\t<div class=\"elementor-element elementor-element-c66cb37 e-flex e-con-boxed e-con e-parent\" data-id=\"c66cb37\" data-element_type=\"container\" data-settings=\"{&quot;background_background&quot;:&quot;classic&quot;}\">\n\t\t\t\t\t<div class=\"e-con-inner\">\n\t\t<div class=\"elementor-element elementor-element-58275f1 e-con-full e-flex e-con e-child\" data-id=\"58275f1\" data-element_type=\"container\">\n\t\t\t\t<div class=\"elementor-element elementor-element-0b0dd97 elementor-hidden-mobile elementor-widget elementor-widget-heading\" data-id=\"0b0dd97\" data-element_type=\"widget\" data-widget_type=\"heading.default\">\n\t\t\t\t<div class=\"elementor-widget-container\">\n\t\t\t\t\t<h2 class=\"elementor-heading-title elementor-size-default\">Pr\u00f3ximamente...<\/h2>\t\t\t\t<\/div>\n\t\t\t\t<\/div>\n\t\t\t\t<\/div>\n\t\t\t\t\t<\/div>\n\t\t\t\t<\/div>\n\t\t<div class=\"elementor-element elementor-element-60677e5 e-flex e-con-boxed e-con e-parent\" data-id=\"60677e5\" data-element_type=\"container\">\n\t\t\t\t\t<div class=\"e-con-inner\">\n\t\t\t\t\t<\/div>\n\t\t\t\t<\/div>\n\t\t<div class=\"elementor-element elementor-element-220669c e-flex e-con-boxed e-con e-parent\" data-id=\"220669c\" data-element_type=\"container\">\n\t\t\t\t\t<div class=\"e-con-inner\">\n\t\t\t\t<div class=\"elementor-element elementor-element-6e2eb92 elementor-widget elementor-widget-text-editor\" data-id=\"6e2eb92\" data-element_type=\"widget\" data-widget_type=\"text-editor.default\">\n\t\t\t\t<div class=\"elementor-widget-container\">\n\t\t\t\t\t\t\t\t\t<p id=\"wnd_TextBlock_1141_inner_0\" style=\"-webkit-tap-highlight-color: transparent; transition: none; padding: 0px 0px 1rem; margin: 0px; color: #888888; font-family: Merriweather, Merriweather-Fallback, 'Apple Color Emoji', 'Noto Color Emoji', serif; font-size: 17.2px;\" data-wnd_is_separable=\"1\" data-wnd_separable_index=\"0\" data-wnd_separable_id=\"wnd_TextBlock_1141\"><span class=\"wnd-font-size-160\" style=\"-webkit-tap-highlight-color: transparent; transition: none; font-size: 27.52px;\">VIII Feria del Aperitivo y Cerveza Artesanal de la Provincia de Sevilla<\/span><\/p><p id=\"wnd_TextBlock_1141_inner_2\" style=\"-webkit-tap-highlight-color: transparent; transition: none; padding: 0px 0px 1rem; margin: 0px; color: #888888; font-family: Merriweather, Merriweather-Fallback, 'Apple Color Emoji', 'Noto Color Emoji', serif; font-size: 17.2px;\" data-wnd_is_separable=\"1\" data-wnd_separable_index=\"2\" data-wnd_separable_id=\"wnd_TextBlock_1141\"><span class=\"wnd-font-size-90\" style=\"-webkit-tap-highlight-color: transparent; transition: none; font-size: 15.48px;\">En esta ocasi\u00f3n, la \u00abMuestra de la Provincia, los Pueblos en el Coraz\u00f3n de Sevilla\u00bb, nos acerca al Patio de la Diputaci\u00f3n de Sevilla, los pr\u00f3ximos d\u00edas 18 y 19 de octubre, la VIII Feria del Aperitivo y la Cerveza Artesanal.<\/span><\/p><p id=\"wnd_TextBlock_1141_inner_3\" style=\"-webkit-tap-highlight-color: transparent; transition: none; padding: 0px 0px 1rem; margin: 0px; color: #888888; font-family: Merriweather, Merriweather-Fallback, 'Apple Color Emoji', 'Noto Color Emoji', serif; font-size: 17.2px;\" data-wnd_is_separable=\"1\" data-wnd_separable_index=\"3\" data-wnd_separable_id=\"wnd_TextBlock_1141\"><span class=\"wnd-font-size-90\" style=\"-webkit-tap-highlight-color: transparent; transition: none; font-size: 15.48px;\">En el Patio de Diputaci\u00f3n de Sevilla -Av. de Men\u00e9ndez Pelayo, 32, 41004 Sevilla-, del s\u00e1bado 18 al domingo 19 de octubre de 2025.<\/span><\/p><p id=\"wnd_TextBlock_1141_inner_4\" style=\"-webkit-tap-highlight-color: transparent; transition: none; padding: 0px 0px 1rem; margin: 0px; color: #888888; font-family: Merriweather, Merriweather-Fallback, 'Apple Color Emoji', 'Noto Color Emoji', serif; font-size: 17.2px;\" data-wnd_is_separable=\"1\" data-wnd_separable_index=\"4\" data-wnd_separable_id=\"wnd_TextBlock_1141\"><span class=\"wnd-font-size-90\" style=\"-webkit-tap-highlight-color: transparent; transition: none; font-size: 15.48px;\">Horario de Feria:<\/span><\/p><p id=\"wnd_TextBlock_1141_inner_5\" style=\"-webkit-tap-highlight-color: transparent; transition: none; padding: 0px 0px 1rem; margin: 0px; color: #888888; font-family: Merriweather, Merriweather-Fallback, 'Apple Color Emoji', 'Noto Color Emoji', serif; font-size: 17.2px;\" data-wnd_is_separable=\"1\" data-wnd_separable_index=\"5\" data-wnd_separable_id=\"wnd_TextBlock_1141\"><span class=\"wnd-font-size-90\" style=\"-webkit-tap-highlight-color: transparent; transition: none; font-size: 15.48px;\">\u2022 s\u00e1bado de 11:00 a 20:00 horas (ininterrumpido).<\/span><\/p><p id=\"wnd_TextBlock_1141_inner_6\" style=\"-webkit-tap-highlight-color: transparent; transition: none; padding: 0px; margin: 0px; color: #888888; font-family: Merriweather, Merriweather-Fallback, 'Apple Color Emoji', 'Noto Color Emoji', serif; font-size: 17.2px;\" data-wnd_is_separable=\"1\" data-wnd_separable_index=\"6\" data-wnd_separable_id=\"wnd_TextBlock_1141\"><span class=\"wnd-font-size-90\" style=\"-webkit-tap-highlight-color: transparent; transition: none; font-size: 15.48px;\">\u2022 domingo de 11:00 a 18:00 horas (ininterrumpido)<\/span>.<\/p>\t\t\t\t\t\t\t\t<\/div>\n\t\t\t\t<\/div>\n\t\t\t\t<div class=\"elementor-element elementor-element-5c7dfb6 elementor-widget elementor-widget-image\" data-id=\"5c7dfb6\" data-element_type=\"widget\" data-widget_type=\"image.default\">\n\t\t\t\t<div class=\"elementor-widget-container\">\n\t\t\t\t\t\t\t\t\t\t\t\t\t\t\t<img fetchpriority=\"high\" decoding=\"async\" width=\"600\" height=\"849\" src=\"https:\/\/welldonelacticos.es\/wp-content\/uploads\/2025\/10\/Imagen-de-WhatsApp-2025-10-14-a-las-12.31.31_35c571b2.jpg\" class=\"attachment-large size-large wp-image-1159\" alt=\"\" srcset=\"https:\/\/welldonelacticos.es\/wp-content\/uploads\/2025\/10\/Imagen-de-WhatsApp-2025-10-14-a-las-12.31.31_35c571b2.jpg 600w, https:\/\/welldonelacticos.es\/wp-content\/uploads\/2025\/10\/Imagen-de-WhatsApp-2025-10-14-a-las-12.31.31_35c571b2-212x300.jpg 212w, https:\/\/welldonelacticos.es\/wp-content\/uploads\/2025\/10\/Imagen-de-WhatsApp-2025-10-14-a-las-12.31.31_35c571b2-8x12.jpg 8w\" sizes=\"(max-width: 600px) 100vw, 600px\" \/>\t\t\t\t\t\t\t\t\t\t\t\t\t\t\t<\/div>\n\t\t\t\t<\/div>\n\t\t\t\t\t<\/div>\n\t\t\t\t<\/div>\n\t\t<div class=\"elementor-element elementor-element-8496e01 e-flex e-con-boxed e-con e-parent\" data-id=\"8496e01\" data-element_type=\"container\">\n\t\t\t\t\t<div class=\"e-con-inner\">\n\t\t\t\t\t<\/div>\n\t\t\t\t<\/div>\n\t\t\t\t<\/div>","protected":false},"excerpt":{"rendered":"<p>Pr\u00f3ximamente&#8230; VIII Feria del Aperitivo y Cerveza Artesanal de la Provincia de Sevilla En esta ocasi\u00f3n, la \u00abMuestra de la Provincia, los Pueblos en el Coraz\u00f3n de Sevilla\u00bb, nos acerca al Patio de la Diputaci\u00f3n de Sevilla, los pr\u00f3ximos d\u00edas 18 y 19 de octubre, la VIII Feria del Aperitivo y la Cerveza Artesanal. En [&hellip;]<\/p>","protected":false},"author":1,"featured_media":0,"parent":0,"menu_order":0,"comment_status":"closed","ping_status":"closed","template":"","meta":{"footnotes":""},"class_list":["post-902","page","type-page","status-publish","hentry"],"yoast_head":"<!-- This site is optimized with the Yoast SEO plugin v25.4 - https:\/\/yoast.com\/wordpress\/plugins\/seo\/ -->\n<title>Pr\u00f3ximamente<\/title>\n<meta name=\"robots\" content=\"index, follow, max-snippet:-1, max-image-preview:large, max-video-preview:-1\" \/>\n<link rel=\"canonical\" href=\"https:\/\/welldonelacticos.es\/en\/proximamente\/\" \/>\n<meta property=\"og:locale\" content=\"en_GB\" \/>\n<meta property=\"og:type\" content=\"article\" \/>\n<meta property=\"og:title\" content=\"Pr\u00f3ximamente\" \/>\n<meta property=\"og:description\" content=\"Pr\u00f3ximamente&#8230; VIII Feria del Aperitivo y Cerveza Artesanal de la Provincia de Sevilla En esta ocasi\u00f3n, la \u00abMuestra de la Provincia, los Pueblos en el Coraz\u00f3n de Sevilla\u00bb, nos acerca al Patio de la Diputaci\u00f3n de Sevilla, los pr\u00f3ximos d\u00edas 18 y 19 de octubre, la VIII Feria del Aperitivo y la Cerveza Artesanal. En [&hellip;]\" \/>\n<meta property=\"og:url\" content=\"https:\/\/welldonelacticos.es\/en\/proximamente\/\" \/>\n<meta property=\"og:site_name\" content=\"WellDone L\u00e1cticos\" \/>\n<meta property=\"article:publisher\" content=\"https:\/\/www.facebook.com\/wellDoneLacticos\" \/>\n<meta property=\"article:modified_time\" content=\"2025-10-15T07:11:18+00:00\" \/>\n<meta property=\"og:image\" content=\"http:\/\/welldonelacticos.es\/wp-content\/uploads\/2025\/10\/Imagen-de-WhatsApp-2025-10-14-a-las-12.31.31_35c571b2.jpg\" \/>\n<meta name=\"twitter:card\" content=\"summary_large_image\" \/>\n<meta name=\"twitter:site\" content=\"@wellDone_quesos\" \/>\n<meta name=\"twitter:label1\" content=\"Estimated reading time\" \/>\n\t<meta name=\"twitter:data1\" content=\"1 minute\" \/>\n<script type=\"application\/ld+json\" class=\"yoast-schema-graph\">{\"@context\":\"https:\/\/schema.org\",\"@graph\":[{\"@type\":\"WebPage\",\"@id\":\"https:\/\/welldonelacticos.es\/en\/proximamente\/\",\"url\":\"https:\/\/welldonelacticos.es\/en\/proximamente\/\",\"name\":\"Pr\u00f3ximamente\",\"isPartOf\":{\"@id\":\"https:\/\/welldonelacticos.es\/#website\"},\"primaryImageOfPage\":{\"@id\":\"https:\/\/welldonelacticos.es\/en\/proximamente\/#primaryimage\"},\"image\":{\"@id\":\"https:\/\/welldonelacticos.es\/en\/proximamente\/#primaryimage\"},\"thumbnailUrl\":\"http:\/\/welldonelacticos.es\/wp-content\/uploads\/2025\/10\/Imagen-de-WhatsApp-2025-10-14-a-las-12.31.31_35c571b2.jpg\",\"datePublished\":\"2024-07-05T11:05:39+00:00\",\"dateModified\":\"2025-10-15T07:11:18+00:00\",\"breadcrumb\":{\"@id\":\"https:\/\/welldonelacticos.es\/en\/proximamente\/#breadcrumb\"},\"inLanguage\":\"en-GB\",\"potentialAction\":[{\"@type\":\"ReadAction\",\"target\":[\"https:\/\/welldonelacticos.es\/en\/proximamente\/\"]}]},{\"@type\":\"ImageObject\",\"inLanguage\":\"en-GB\",\"@id\":\"https:\/\/welldonelacticos.es\/en\/proximamente\/#primaryimage\",\"url\":\"http:\/\/welldonelacticos.es\/wp-content\/uploads\/2025\/10\/Imagen-de-WhatsApp-2025-10-14-a-las-12.31.31_35c571b2.jpg\",\"contentUrl\":\"http:\/\/welldonelacticos.es\/wp-content\/uploads\/2025\/10\/Imagen-de-WhatsApp-2025-10-14-a-las-12.31.31_35c571b2.jpg\"},{\"@type\":\"BreadcrumbList\",\"@id\":\"https:\/\/welldonelacticos.es\/en\/proximamente\/#breadcrumb\",\"itemListElement\":[{\"@type\":\"ListItem\",\"position\":1,\"name\":\"Portada\",\"item\":\"https:\/\/welldonelacticos.es\/\"},{\"@type\":\"ListItem\",\"position\":2,\"name\":\"Pr\u00f3ximamente\"}]},{\"@type\":\"WebSite\",\"@id\":\"https:\/\/welldonelacticos.es\/#website\",\"url\":\"https:\/\/welldonelacticos.es\/\",\"name\":\"WellDone L\u00e1cticos\",\"description\":\"Queser\u00eda tradicional de Espartinas\",\"publisher\":{\"@id\":\"https:\/\/welldonelacticos.es\/#organization\"},\"potentialAction\":[{\"@type\":\"SearchAction\",\"target\":{\"@type\":\"EntryPoint\",\"urlTemplate\":\"https:\/\/welldonelacticos.es\/?s={search_term_string}\"},\"query-input\":{\"@type\":\"PropertyValueSpecification\",\"valueRequired\":true,\"valueName\":\"search_term_string\"}}],\"inLanguage\":\"en-GB\"},{\"@type\":\"Organization\",\"@id\":\"https:\/\/welldonelacticos.es\/#organization\",\"name\":\"WellDone L\u00e1cticos\",\"url\":\"https:\/\/welldonelacticos.es\/\",\"logo\":{\"@type\":\"ImageObject\",\"inLanguage\":\"en-GB\",\"@id\":\"https:\/\/welldonelacticos.es\/#\/schema\/logo\/image\/\",\"url\":\"https:\/\/welldonelacticos.es\/wp-content\/uploads\/2024\/05\/logo-sin-color-sin-fondo.png\",\"contentUrl\":\"https:\/\/welldonelacticos.es\/wp-content\/uploads\/2024\/05\/logo-sin-color-sin-fondo.png\",\"width\":1764,\"height\":1039,\"caption\":\"WellDone L\u00e1cticos\"},\"image\":{\"@id\":\"https:\/\/welldonelacticos.es\/#\/schema\/logo\/image\/\"},\"sameAs\":[\"https:\/\/www.facebook.com\/wellDoneLacticos\",\"https:\/\/x.com\/wellDone_quesos\",\"https:\/\/www.instagram.com\/welldone_quesos\/\"]}]}<\/script>\n<!-- \/ Yoast SEO plugin. -->","yoast_head_json":{"title":"Pr\u00f3ximamente","robots":{"index":"index","follow":"follow","max-snippet":"max-snippet:-1","max-image-preview":"max-image-preview:large","max-video-preview":"max-video-preview:-1"},"canonical":"https:\/\/welldonelacticos.es\/en\/proximamente\/","og_locale":"en_GB","og_type":"article","og_title":"Pr\u00f3ximamente","og_description":"Pr\u00f3ximamente&#8230; VIII Feria del Aperitivo y Cerveza Artesanal de la Provincia de Sevilla En esta ocasi\u00f3n, la \u00abMuestra de la Provincia, los Pueblos en el Coraz\u00f3n de Sevilla\u00bb, nos acerca al Patio de la Diputaci\u00f3n de Sevilla, los pr\u00f3ximos d\u00edas 18 y 19 de octubre, la VIII Feria del Aperitivo y la Cerveza Artesanal. En [&hellip;]","og_url":"https:\/\/welldonelacticos.es\/en\/proximamente\/","og_site_name":"WellDone L\u00e1cticos","article_publisher":"https:\/\/www.facebook.com\/wellDoneLacticos","article_modified_time":"2025-10-15T07:11:18+00:00","og_image":[{"url":"http:\/\/welldonelacticos.es\/wp-content\/uploads\/2025\/10\/Imagen-de-WhatsApp-2025-10-14-a-las-12.31.31_35c571b2.jpg","type":"","width":"","height":""}],"twitter_card":"summary_large_image","twitter_site":"@wellDone_quesos","twitter_misc":{"Estimated reading time":"1 minute"},"schema":{"@context":"https:\/\/schema.org","@graph":[{"@type":"WebPage","@id":"https:\/\/welldonelacticos.es\/en\/proximamente\/","url":"https:\/\/welldonelacticos.es\/en\/proximamente\/","name":"Pr\u00f3ximamente","isPartOf":{"@id":"https:\/\/welldonelacticos.es\/#website"},"primaryImageOfPage":{"@id":"https:\/\/welldonelacticos.es\/en\/proximamente\/#primaryimage"},"image":{"@id":"https:\/\/welldonelacticos.es\/en\/proximamente\/#primaryimage"},"thumbnailUrl":"http:\/\/welldonelacticos.es\/wp-content\/uploads\/2025\/10\/Imagen-de-WhatsApp-2025-10-14-a-las-12.31.31_35c571b2.jpg","datePublished":"2024-07-05T11:05:39+00:00","dateModified":"2025-10-15T07:11:18+00:00","breadcrumb":{"@id":"https:\/\/welldonelacticos.es\/en\/proximamente\/#breadcrumb"},"inLanguage":"en-GB","potentialAction":[{"@type":"ReadAction","target":["https:\/\/welldonelacticos.es\/en\/proximamente\/"]}]},{"@type":"ImageObject","inLanguage":"en-GB","@id":"https:\/\/welldonelacticos.es\/en\/proximamente\/#primaryimage","url":"http:\/\/welldonelacticos.es\/wp-content\/uploads\/2025\/10\/Imagen-de-WhatsApp-2025-10-14-a-las-12.31.31_35c571b2.jpg","contentUrl":"http:\/\/welldonelacticos.es\/wp-content\/uploads\/2025\/10\/Imagen-de-WhatsApp-2025-10-14-a-las-12.31.31_35c571b2.jpg"},{"@type":"BreadcrumbList","@id":"https:\/\/welldonelacticos.es\/en\/proximamente\/#breadcrumb","itemListElement":[{"@type":"ListItem","position":1,"name":"Portada","item":"https:\/\/welldonelacticos.es\/"},{"@type":"ListItem","position":2,"name":"Pr\u00f3ximamente"}]},{"@type":"WebSite","@id":"https:\/\/welldonelacticos.es\/#website","url":"https:\/\/welldonelacticos.es\/","name":"WellDone L\u00e1cticos","description":"Queser\u00eda tradicional de Espartinas","publisher":{"@id":"https:\/\/welldonelacticos.es\/#organization"},"potentialAction":[{"@type":"SearchAction","target":{"@type":"EntryPoint","urlTemplate":"https:\/\/welldonelacticos.es\/?s={search_term_string}"},"query-input":{"@type":"PropertyValueSpecification","valueRequired":true,"valueName":"search_term_string"}}],"inLanguage":"en-GB"},{"@type":"Organization","@id":"https:\/\/welldonelacticos.es\/#organization","name":"WellDone L\u00e1cticos","url":"https:\/\/welldonelacticos.es\/","logo":{"@type":"ImageObject","inLanguage":"en-GB","@id":"https:\/\/welldonelacticos.es\/#\/schema\/logo\/image\/","url":"https:\/\/welldonelacticos.es\/wp-content\/uploads\/2024\/05\/logo-sin-color-sin-fondo.png","contentUrl":"https:\/\/welldonelacticos.es\/wp-content\/uploads\/2024\/05\/logo-sin-color-sin-fondo.png","width":1764,"height":1039,"caption":"WellDone L\u00e1cticos"},"image":{"@id":"https:\/\/welldonelacticos.es\/#\/schema\/logo\/image\/"},"sameAs":["https:\/\/www.facebook.com\/wellDoneLacticos","https:\/\/x.com\/wellDone_quesos","https:\/\/www.instagram.com\/welldone_quesos\/"]}]}},"_links":{"self":[{"href":"https:\/\/welldonelacticos.es\/en\/wp-json\/wp\/v2\/pages\/902","targetHints":{"allow":["GET"]}}],"collection":[{"href":"https:\/\/welldonelacticos.es\/en\/wp-json\/wp\/v2\/pages"}],"about":[{"href":"https:\/\/welldonelacticos.es\/en\/wp-json\/wp\/v2\/types\/page"}],"author":[{"embeddable":true,"href":"https:\/\/welldonelacticos.es\/en\/wp-json\/wp\/v2\/users\/1"}],"replies":[{"embeddable":true,"href":"https:\/\/welldonelacticos.es\/en\/wp-json\/wp\/v2\/comments?post=902"}],"version-history":[{"count":6,"href":"https:\/\/welldonelacticos.es\/en\/wp-json\/wp\/v2\/pages\/902\/revisions"}],"predecessor-version":[{"id":1168,"href":"https:\/\/welldonelacticos.es\/en\/wp-json\/wp\/v2\/pages\/902\/revisions\/1168"}],"wp:attachment":[{"href":"https:\/\/welldonelacticos.es\/en\/wp-json\/wp\/v2\/media?parent=902"}],"curies":[{"name":"wp","href":"https:\/\/api.w.org\/{rel}","templated":true}]}}